{"id":120,"date":"2018-10-26T15:40:23","date_gmt":"2018-10-26T15:40:23","guid":{"rendered":"https:\/\/futuriodemos.com\/default-demo\/?page_id=120"},"modified":"2018-10-26T15:40:23","modified_gmt":"2018-10-26T15:40:23","slug":"pagina-gutenberg","status":"publish","type":"page","link":"https:\/\/linkbuildingitalyagency.com\/it\/pagina-gutenberg\/","title":{"rendered":"Pagina Gutenberg"},"content":{"rendered":"<h2 class=\"wp-block-heading\">Blocco di intestazione (H2)<\/h2>\n\n\n\n<h3 class=\"wp-block-heading\">Ne state guardando uno. (H3)<\/h3>\n\n\n\n<h2 class=\"wp-block-heading\">Blocco sottovoce<\/h2>\n\n\n\n<p class=\"wp-block-subhead\">Questo \u00e8 un sottotitolo<\/p>\n\n\n\n<h2 class=\"wp-block-heading\">Blocco di paragrafi<\/h2>\n\n\n\n<p>Questo \u00e8 un blocco di paragrafi.\u00c2 Produrre professionalmente risultati altamente efficienti con competenze di base di livello mondiale. Matrice oggettiva delle architetture sfruttate rispetto alle applicazioni prive di errori. Massimizzare completamente i portali personalizzati attraverso metriche completamente studiate. Generare con entusiasmo elementi d'azione di primo piano attraverso mercati elettronici abilitati al web. Mettere in parallelo in modo efficiente il capitale intellettuale olistico e i mercati incentrati sul cliente.<br><br><\/p>\n\n\n\n<h2 class=\"wp-block-heading\">Blocco immagine (Standard\n\t<g class=\"gr_ gr_3 gr-alert gr_spell gr_inline_cards gr_run_anim ContextualSpelling ins-del multiReplace\" id=\"3\" data-gr-id=\"3\">larghezza<\/g>)<\/h2>\n\n\n\n<figure class=\"wp-block-image\"><img decoding=\"async\" src=\"https:\/\/futuriodemos.com\/ocean-demo\/wp-content\/uploads\/sites\/27\/2018\/10\/girl-3714828_1920.jpg\" alt=\"\" class=\"wp-image-9\"\/><\/figure>\n\n\n\n<h2 class=\"wp-block-heading\">Blocco immagine (Wide\n\t<g class=\"gr_ gr_3 gr-alert gr_spell gr_inline_cards gr_run_anim ContextualSpelling ins-del multiReplace\" id=\"3\" data-gr-id=\"3\">larghezza<\/g>)<\/h2>\n\n\n\n<figure class=\"wp-block-image alignwide\"><img decoding=\"async\" src=\"https:\/\/futuriodemos.com\/ocean-demo\/wp-content\/uploads\/sites\/27\/2018\/10\/girl-3714828_1920.jpg\" alt=\"\" class=\"wp-image-9\"\/><\/figure>\n\n\n\n<h2 class=\"wp-block-heading\">Blocco immagine (a tutta larghezza)<\/h2>\n\n\n\n<figure class=\"wp-block-image alignfull\"><img decoding=\"async\" src=\"https:\/\/futuriodemos.com\/ocean-demo\/wp-content\/uploads\/sites\/27\/2018\/10\/girl-3714828_1920.jpg\" alt=\"\" class=\"wp-image-9\"\/><\/figure>\n\n\n\n<h2 class=\"wp-block-heading\">Blocco immagine di copertina<\/h2>\n\n\n\n<div class=\"wp-block-cover has-background-dim alignfull is-layout-flow wp-block-cover-is-layout-flow\" style=\"background-image:url(https:\/\/futuriodemos.com\/ocean-demo\/wp-content\/uploads\/sites\/27\/2018\/10\/girl-3714828_1920.jpg)\"><p class=\"wp-block-cover-text\">Questo blocco pu\u00f2 essere utilizzato per la sezione Hero.<br>\u00c8 stata applicata l'intera larghezza.<\/p><\/div>\n\n\n\n<h2 class=\"wp-block-heading\">Blocco galleria<\/h2>\n\n\n\n<ul class=\"wp-block-gallery columns-3 is-cropped alignnone wp-block-gallery-1 is-layout-flex wp-block-gallery-is-layout-flex\"><li class=\"blocks-gallery-item\"><figure><img decoding=\"async\" src=\"https:\/\/futuriodemos.com\/ocean-demo\/wp-content\/uploads\/sites\/27\/2018\/10\/port-3109757_1920.jpg\" alt=\"\" data-id=\"12\" data-link=\"https:\/\/futuriodemos.com\/default-demo\/nulla-turpis-magna\/port-3109757_1920\/\" class=\"wp-image-12\"\/><\/figure><\/li><li class=\"blocks-gallery-item\"><figure><img decoding=\"async\" src=\"https:\/\/futuriodemos.com\/ocean-demo\/wp-content\/uploads\/sites\/27\/2018\/10\/hallway-1245845_1920.jpg\" alt=\"\" data-id=\"11\" data-link=\"https:\/\/futuriodemos.com\/default-demo\/nulla-turpis-magna\/hallway-1245845_1920\/\" class=\"wp-image-11\"\/><\/figure><\/li><li class=\"blocks-gallery-item\"><figure><img decoding=\"async\" src=\"https:\/\/futuriodemos.com\/ocean-demo\/wp-content\/uploads\/sites\/27\/2018\/10\/hall-1929422_1920.jpg\" alt=\"\" data-id=\"10\" data-link=\"https:\/\/futuriodemos.com\/default-demo\/nulla-turpis-magna\/hall-1929422_1920\/\" class=\"wp-image-10\"\/><\/figure><\/li><li class=\"blocks-gallery-item\"><figure><img decoding=\"async\" src=\"https:\/\/futuriodemos.com\/ocean-demo\/wp-content\/uploads\/sites\/27\/2018\/10\/girl-3714828_1920.jpg\" alt=\"\" data-id=\"9\" data-link=\"https:\/\/futuriodemos.com\/default-demo\/nulla-turpis-magna\/girl-3714828_1920\/\" class=\"wp-image-9\"\/><\/figure><\/li><li class=\"blocks-gallery-item\"><figure><img decoding=\"async\" src=\"https:\/\/futuriodemos.com\/ocean-demo\/wp-content\/uploads\/sites\/27\/2018\/10\/fan-3645379_1920.jpg\" alt=\"\" data-id=\"8\" data-link=\"https:\/\/futuriodemos.com\/default-demo\/nulla-turpis-magna\/fan-3645379_1920\/\" class=\"wp-image-8\"\/><\/figure><\/li><\/ul>\n\n\n\n<h2 class=\"wp-block-heading\">Blocco elenco<\/h2>\n\n\n\n<ul class=\"wp-block-list\"><li>Voce di elenco 1<\/li><li>Voce di elenco 2<\/li><li>Voce di elenco 3<\/li><li>Voce di elenco 4<\/li><\/ul>\n\n\n\n<h2 class=\"has-top-margin wp-block-heading\">Blocco colonne<\/h2>\n\n\n\n<div class=\"wp-block-columns has-2-columns is-layout-flex wp-container-core-columns-is-layout-9d6595d7 wp-block-columns-is-layout-flex\">\n<div class=\"wp-block-column is-layout-flow wp-block-column-is-layout-flow\">\n<figure class=\"wp-block-image\"><img decoding=\"async\" src=\"https:\/\/futuriodemos.com\/ocean-demo\/wp-content\/uploads\/sites\/27\/2018\/10\/fan-3645379_1920.jpg\" alt=\"\" class=\"wp-image-8\"\/><\/figure>\n<\/div>\n\n\n\n<div class=\"wp-block-column is-layout-flow wp-block-column-is-layout-flow\">\n<p>Mortificare in modo fluorescente le relazioni intuitive piuttosto che il capitale umano diretto dal cliente. Personalizzare dinamicamente le informazioni chiavi in mano, mentre i processi sono ortogonali. Offrire in modo assertivo capacit\u00e0 di leadership superiori, mentre l'outsourcing \u00e8 olistico. iterare con entusiasmo le migliori pratiche abilitate rispetto alle comunit\u00e0 24\/365.<\/p>\n<\/div>\n<\/div>\n\n\n\n<h2 class=\"wp-block-heading\">Blocco di colonne di testo<\/h2>\n\n\n\n<div class=\"wp-block-text-columns alignundefined columns-2\"><div class=\"wp-block-column\"><p>Questa \u00e8 la colonna di testo sinistra.<br><br>Avviare in modo appropriato i dati sulla pandemia attraverso scenari economicamente validi. Promuovere in modo credibile metodologie poco costose attraverso una leadership crossmediale. Monetizzare drasticamente gli intermediari informativi senza soluzione di continuit\u00e0 attraverso funzionalit\u00e0 incentrate sui principi. Trasformare senza soluzione di continuit\u00e0 l'outsourcing inter-funzionale attraverso i meta-servizi di team building. Accogliere in modo intrinseco i prodotti di base installati per le procedure di test abilitate.<br><\/p><\/div><div class=\"wp-block-column\"><p>Questa \u00e8 la colonna di testo destra.<br><br>Disintermediare completamente i contenuti user friendly attraverso competenze chiave covalenti. Cogliere con entusiasmo gli allineamenti intermandatari per i paradigmi che risucchiano le risorse. Progettare in modo intrinseco iniziative sostenibili attraverso benefici che massimizzano le risorse. Creare in modo efficiente vortici di alto livello attraverso interfacce distribuite. Coinvolgere in modo intrinseco il mindshare basato sulle prestazioni con l'outsourcing migliore.<br><\/p><\/div><\/div>\n\n\n\n<h2 class=\"wp-block-heading\">Blocco di pulsanti<\/h2>\n\n\n\n<div class=\"wp-block-button alignnone\"><a class=\"wp-block-button__link\" href=\"#\">Iniziare<\/a><\/div>\n\n\n\n<h2 class=\"wp-block-heading\">Blocco di citazioni<\/h2>\n\n\n\n<blockquote class=\"wp-block-quote is-layout-flow wp-block-quote-is-layout-flow\"><p><em>Prendete un'idea, fate di quell'idea la vostra vita. Pensatela, sognatela, vivete di quell'idea, lasciate che il cervello, i muscoli, i nervi, ogni parte del vostro corpo sia piena di quell'idea e lasciate stare ogni altra idea. Questa \u00e8 la strada per il successo.<\/em><\/p><cite>Swami Vivekananda<\/cite><\/blockquote>\n\n\n\n<h2 class=\"wp-block-heading\">Blocco di citazioni (un altro stile)<\/h2>\n\n\n\n<blockquote class=\"wp-block-quote is-large is-layout-flow wp-block-quote-is-layout-flow\"><p><em>Prendete un'idea, fate di quell'idea la vostra vita. Pensateci, <g class=\"gr_ gr_10 gr-alert gr_gramm gr_inline_cards gr_run_anim Grammar only-ins doubleReplace replaceWithoutSep\" id=\"10\" data-gr-id=\"10\">sogno<\/g> di essa, vivete su quell'idea, lasciate che il cervello, i muscoli, i nervi, ogni parte del vostro corpo sia piena di quell'idea e lasciate stare ogni altra idea. Questa \u00e8 la strada per il successo.<\/em><\/p><cite>Swami Vivekananda<\/cite><\/blockquote>\n\n\n\n<h2 class=\"wp-block-heading\">Blocco codice<\/h2>\n\n\n\n<pre class=\"wp-block-code\"><code>@media only screen e (min-width: 960px) {\n\n\tbody .alignfull {\n\t\tlarghezza: auto;\n\t\tmax-width: 1000%;\n\n\t\tmargin-right: calc(50% - 50vw);\n\t\tmargin-left: calc(50% - 50vw);\n\t}\n\n\tbody .alignwide {\n\t\tlarghezza: auto;\n\t\tlarghezza massima: 1000%;\n\t\tmargin-right: calc(25% - 25vw);\n\t\tmargin-left: calc(25% - 25vw);\n\t}\n\n\t.alignwide img,\n\t.alignfull img {\n\t\tvisualizzazione: blocco;\n\t\tmargin: 0 auto;\n\t}\n}<\/code><\/pre>\n\n\n\n<h2 class=\"wp-block-heading\">Blocco audio<\/h2>\n\n\n\n<figure class=\"wp-block-audio\"><audio controls src=\"https:\/\/freemusicarchive.org\/file\/music\/WFMU\/Broke_For_Free\/Directionless_EP\/Broke_For_Free_-_01_-_Night_Owl.mp3\"><\/audio><\/figure>\n\n\n\n<h2 class=\"wp-block-heading\">Blocco video<\/h2>\n\n\n\n<figure class=\"wp-block-video\"><video controls src=\"https:\/\/archive.org\/download\/SlowMotionFlame\/slomoflame_512kb.mp4\"><\/video><\/figure>\n\n\n\n<h2 class=\"wp-block-heading\">Blocco HTML personalizzato<\/h2>\n\n\n\n<strong>Si tratta di un blocco HTML.<\/strong>\n\n\n\n<h2 class=\"has-top-margin wp-block-heading\">Blocco preformattato<\/h2>\n\n\n\n<pre class=\"wp-block-preformatted\">Questo \u00e8 un testo preformattato. Il testo preformattato mantiene le s p a z i o n i , le tabulazioni e gli<br>linebreak come sono.<\/pre>\n\n\n\n<h2 class=\"wp-block-heading\">Blocco di versi<\/h2>\n\n\n\n<pre class=\"wp-block-verse\">Scrivere poesie e altre espressioni letterarie rispettando tutti gli spazi e le interruzioni di riga.<\/pre>\n\n\n\n<h2 class=\"wp-block-heading\">Blocco Tabella<\/h2>\n\n\n\n<table class=\"wp-block-table\">\n\t<tbody>\n\t\t<tr style=\"height:45px\">\n\t\t\t<td style=\"height:45px\">Riga 1 Colonna 1<\/td>\n\t\t\t<td style=\"height:45px\">Riga 1 Colonna 2<\/td>\n\t\t<\/tr>\n\t\t<tr style=\"height:45px\">\n\t\t\t<td style=\"height:45px\">Riga 2 Colonna 1<\/td>\n\t\t\t<td style=\"height:45px\">Riga 2 Colonna 2<\/td>\n\t\t<\/tr>\n\t\t<tr style=\"height:45px\">\n\t\t\t<td style=\"height:45px\">Riga 3 Colonna 1<\/td>\n\t\t\t<td style=\"height:45px\">Riga 3 Colonna 2<\/td>\n\t\t<\/tr>\n\t<\/tbody>\n<\/table>\n\n\n\n<h2 class=\"wp-block-heading\">Blocco separatore<\/h2>\n\n\n\n<hr class=\"wp-block-separator\"\/>\n\n\n\n<h2 class=\"has-top-margin wp-block-heading\">Blocco distanziatore<\/h2>\n\n\n\n<div style=\"height:100px\" aria-hidden=\"true\" class=\"wp-block-spacer\"><\/div>\n\n\n\n<h2 class=\"wp-block-heading\">Categorie Blocco<\/h2>\n\n\n<ul class=\"wp-block-categories-list wp-block-categories\"><li class=\"cat-item-none\">Nessuna categoria<\/li><\/ul>\n\n\n<h2 class=\"wp-block-heading\">Blocco degli ultimi messaggi<\/h2>\n\n\n<ul class=\"wp-block-latest-posts__list wp-block-latest-posts\"><\/ul>\n\n\n<h2 class=\"wp-block-heading\">Blocco di inclusione di Twitter<\/h2>\n\n\n\n<figure class=\"wp-block-embed-twitter wp-block-embed is-type-rich is-provider-twitter\"><div class=\"wp-block-embed__wrapper\">\n<blockquote class=\"twitter-tweet\" data-width=\"550\" data-dnt=\"true\"><p lang=\"ht\" dir=\"ltr\">lol ok \ud83d\ude2d <a href=\"https:\/\/t.co\/CHHBgXeGIO\">pic.twitter.com\/CHHBgXeGIO<\/a><\/p>- Marques Brownlee (@MKBHD) <a href=\"https:\/\/twitter.com\/MKBHD\/status\/993606431126548481?ref_src=twsrc%5Etfw\" target=\"_blank\" rel=\"noopener\">7 maggio 2018<\/a><\/blockquote><script async src=\"https:\/\/platform.twitter.com\/widgets.js\" charset=\"utf-8\"><\/script>\n<\/div><\/figure>\n\n\n\n<h2 class=\"wp-block-heading\">Blocco di inclusione di YouTube<\/h2>\n\n\n\n<figure class=\"wp-block-embed-youtube wp-block-embed is-type-video is-provider-youtube wp-embed-aspect-16-9 wp-has-aspect-ratio\"><div class=\"wp-block-embed__wrapper\">\n<iframe width=\"1240\" height=\"698\" src=\"https:\/\/www.youtube.com\/embed\/V-Ma40uyo-I?feature=oembed\" frameborder=\"0\" allow=\"autoplay; encrypted-media\" allowfullscreen><\/iframe>\n<\/div><\/figure>\n\n\n\n<h2 class=\"wp-block-heading\">Blocco per l'inclusione in Facebook<\/h2>\n\n\n\n<figure class=\"wp-block-embed-facebook wp-block-embed is-provider-embed-handler\"><div class=\"wp-block-embed__wrapper\">\nhttps:\/\/www.facebook.com\/groups\/macpowerusers\/\n<\/div><\/figure>\n\n\n\n<h2 class=\"wp-block-heading\">Blocco di inclusione di WordPress<\/h2>\n\n\n\n<figure class=\"wp-block-embed-wordpress wp-block-embed is-type-wp-embed is-provider-genesis-framework wp-embed-aspect-16-9 wp-has-aspect-ratio\"><div class=\"wp-block-embed__wrapper\">\n<blockquote class=\"wp-embedded-content\" data-secret=\"rg6ExE9jy9\"><a href=\"https:\/\/gutensample.genesiswp.club\/contact\/\" target=\"_blank\" rel=\"noopener\">Pagina di contatto<\/a><\/blockquote><iframe class=\"wp-embedded-content\" sandbox=\"allow-scripts\" security=\"restricted\" style=\"position: absolute; clip: rect(1px, 1px, 1px, 1px);\" src=\"https:\/\/gutensample.genesiswp.club\/contact\/embed\/#?secret=rg6ExE9jy9\" data-secret=\"rg6ExE9jy9\" width=\"600\" height=\"338\" title=\"&quot;Pagina dei contatti&quot; - Struttura Genesis\" frameborder=\"0\" marginwidth=\"0\" marginheight=\"0\" scrolling=\"no\"><\/iframe>\n<\/div><\/figure>\n\n\n\n<h2 class=\"wp-block-heading\">Blocco per l'inclusione di Vimeo<\/h2>\n\n\n\n<figure class=\"wp-block-embed-vimeo wp-block-embed is-type-video is-provider-vimeo wp-embed-aspect-16-9 wp-has-aspect-ratio\"><div class=\"wp-block-embed__wrapper\">\n<iframe src=\"https:\/\/player.vimeo.com\/video\/267362241?app_id=122963\" width=\"1240\" height=\"698\" frameborder=\"0\" title=\"Transient: Filmati estesi e non utilizzati\" webkitallowfullscreen mozallowfullscreen allowfullscreen><\/iframe>\n<\/div><\/figure>","protected":false},"excerpt":{"rendered":"<p>Heading Block (H2) You are looking at one. (H3) Subhead Block Paragraph Block This is a paragraph block.\u00c2 Professionally productize highly efficient results with world-class core competencies. Objectively matrix leveraged architectures vis-a-vis error-free applications. Completely maximize customized portals via fully researched metrics. Enthusiastically generate premier action items through web-enabled e-markets. Efficiently parallel task holistic intellectual&hellip;<\/p>","protected":false},"author":1,"featured_media":0,"parent":0,"menu_order":0,"comment_status":"closed","ping_status":"closed","template":"","meta":{"give_campaign_id":0,"_kadence_starter_templates_imported_post":false,"footnotes":""},"class_list":["post-120","page","type-page","status-publish","hentry"],"campaignId":"","_links":{"self":[{"href":"https:\/\/linkbuildingitalyagency.com\/it\/wp-json\/wp\/v2\/pages\/120","targetHints":{"allow":["GET"]}}],"collection":[{"href":"https:\/\/linkbuildingitalyagency.com\/it\/wp-json\/wp\/v2\/pages"}],"about":[{"href":"https:\/\/linkbuildingitalyagency.com\/it\/wp-json\/wp\/v2\/types\/page"}],"author":[{"embeddable":true,"href":"https:\/\/linkbuildingitalyagency.com\/it\/wp-json\/wp\/v2\/users\/1"}],"replies":[{"embeddable":true,"href":"https:\/\/linkbuildingitalyagency.com\/it\/wp-json\/wp\/v2\/comments?post=120"}],"version-history":[{"count":0,"href":"https:\/\/linkbuildingitalyagency.com\/it\/wp-json\/wp\/v2\/pages\/120\/revisions"}],"wp:attachment":[{"href":"https:\/\/linkbuildingitalyagency.com\/it\/wp-json\/wp\/v2\/media?parent=120"}],"curies":[{"name":"wp","href":"https:\/\/api.w.org\/{rel}","templated":true}]}}