{"id":58,"date":"2025-06-10T11:52:42","date_gmt":"2025-06-10T11:52:42","guid":{"rendered":"https:\/\/linkbuildingitalyagency.com\/product\/kilimanjaro-set\/"},"modified":"2025-06-10T11:52:42","modified_gmt":"2025-06-10T11:52:42","slug":"kilimandscharo-set","status":"publish","type":"product","link":"https:\/\/linkbuildingitalyagency.com\/de\/product\/kilimandscharo-set\/","title":{"rendered":"Kilimanjaro Set"},"content":{"rendered":"<p>Mount Kilimanjaro&#8217;s singular prominence in the African landscape is the inspiration for this set. Ideal for unique or specialty products, the Kilimanjaro Set stands out for its distinctiveness and individuality, much like the standalone beauty of Kilimanjaro itself.<\/p>","protected":false},"excerpt":{"rendered":"<p>Geeignet f\u00fcr einzigartige oder eigenst\u00e4ndige Produkte, \u00e4hnlich wie der Kilimandscharo in Afrika, der einzigartig ist.<\/p>","protected":false},"featured_media":57,"comment_status":"open","ping_status":"closed","template":"","meta":{"give_campaign_id":0,"_kadence_starter_templates_imported_post":true},"product_brand":[],"product_cat":[24],"product_tag":[],"class_list":{"0":"post-58","1":"product","2":"type-product","3":"status-publish","4":"has-post-thumbnail","6":"product_cat-simple-types","8":"first","9":"instock","10":"shipping-taxable","11":"purchasable","12":"product-type-simple"},"_links":{"self":[{"href":"https:\/\/linkbuildingitalyagency.com\/de\/wp-json\/wp\/v2\/product\/58","targetHints":{"allow":["GET"]}}],"collection":[{"href":"https:\/\/linkbuildingitalyagency.com\/de\/wp-json\/wp\/v2\/product"}],"about":[{"href":"https:\/\/linkbuildingitalyagency.com\/de\/wp-json\/wp\/v2\/types\/product"}],"replies":[{"embeddable":true,"href":"https:\/\/linkbuildingitalyagency.com\/de\/wp-json\/wp\/v2\/comments?post=58"}],"wp:featuredmedia":[{"embeddable":true,"href":"https:\/\/linkbuildingitalyagency.com\/de\/wp-json\/wp\/v2\/media\/57"}],"wp:attachment":[{"href":"https:\/\/linkbuildingitalyagency.com\/de\/wp-json\/wp\/v2\/media?parent=58"}],"wp:term":[{"taxonomy":"product_brand","embeddable":true,"href":"https:\/\/linkbuildingitalyagency.com\/de\/wp-json\/wp\/v2\/product_brand?post=58"},{"taxonomy":"product_cat","embeddable":true,"href":"https:\/\/linkbuildingitalyagency.com\/de\/wp-json\/wp\/v2\/product_cat?post=58"},{"taxonomy":"product_tag","embeddable":true,"href":"https:\/\/linkbuildingitalyagency.com\/de\/wp-json\/wp\/v2\/product_tag?post=58"}],"curies":[{"name":"wp","href":"https:\/\/api.w.org\/{rel}","templated":true}]}}