{"id":55,"date":"2025-06-10T11:52:41","date_gmt":"2025-06-10T11:52:41","guid":{"rendered":"https:\/\/linkbuildingitalyagency.com\/product\/alps-edition\/"},"modified":"2025-06-10T11:52:41","modified_gmt":"2025-06-10T11:52:41","slug":"alpen-edition","status":"publish","type":"product","link":"https:\/\/linkbuildingitalyagency.com\/de\/product\/alpen-edition\/","title":{"rendered":"Alps Edition"},"content":{"rendered":"<p>The Alps, known for their breathtaking beauty and prestigious ski resorts, inspire this edition. Products in the Alps Edition are elegant, high-quality, and luxurious, catering to an audience that appreciates fine craftsmanship and sophisticated design.<\/p>","protected":false},"excerpt":{"rendered":"<p>F\u00fcr elegante und hochwertige Produkte, die das Prestige und die Sch\u00f6nheit der europ\u00e4ischen Alpen widerspiegeln.<\/p>","protected":false},"featured_media":33,"comment_status":"open","ping_status":"closed","template":"","meta":{"give_campaign_id":0,"_kadence_starter_templates_imported_post":true},"product_brand":[],"product_cat":[23],"product_tag":[],"class_list":{"0":"post-55","1":"product","2":"type-product","3":"status-publish","4":"has-post-thumbnail","6":"product_cat-external-types","8":"first","9":"instock","10":"shipping-taxable","11":"product-type-external"},"_links":{"self":[{"href":"https:\/\/linkbuildingitalyagency.com\/de\/wp-json\/wp\/v2\/product\/55","targetHints":{"allow":["GET"]}}],"collection":[{"href":"https:\/\/linkbuildingitalyagency.com\/de\/wp-json\/wp\/v2\/product"}],"about":[{"href":"https:\/\/linkbuildingitalyagency.com\/de\/wp-json\/wp\/v2\/types\/product"}],"replies":[{"embeddable":true,"href":"https:\/\/linkbuildingitalyagency.com\/de\/wp-json\/wp\/v2\/comments?post=55"}],"wp:featuredmedia":[{"embeddable":true,"href":"https:\/\/linkbuildingitalyagency.com\/de\/wp-json\/wp\/v2\/media\/33"}],"wp:attachment":[{"href":"https:\/\/linkbuildingitalyagency.com\/de\/wp-json\/wp\/v2\/media?parent=55"}],"wp:term":[{"taxonomy":"product_brand","embeddable":true,"href":"https:\/\/linkbuildingitalyagency.com\/de\/wp-json\/wp\/v2\/product_brand?post=55"},{"taxonomy":"product_cat","embeddable":true,"href":"https:\/\/linkbuildingitalyagency.com\/de\/wp-json\/wp\/v2\/product_cat?post=55"},{"taxonomy":"product_tag","embeddable":true,"href":"https:\/\/linkbuildingitalyagency.com\/de\/wp-json\/wp\/v2\/product_tag?post=55"}],"curies":[{"name":"wp","href":"https:\/\/api.w.org\/{rel}","templated":true}]}}