{"id":54,"date":"2025-06-10T11:52:41","date_gmt":"2025-06-10T11:52:41","guid":{"rendered":"https:\/\/linkbuildingitalyagency.com\/product\/himalaya-range\/"},"modified":"2025-06-10T11:52:41","modified_gmt":"2025-06-10T11:52:41","slug":"himalaya-gebiet","status":"publish","type":"product","link":"https:\/\/linkbuildingitalyagency.com\/de\/product\/himalaya-gebiet\/","title":{"rendered":"Himalaya Range"},"content":{"rendered":"<p>Named after the vast and challenging Himalayan range, this product line represents strength, resilience, and the spirit of adventure. Suitable for high-performance products that are designed to withstand extreme conditions and challenges.<\/p>","protected":false},"excerpt":{"rendered":"<p>Perfekt f\u00fcr Produkte, die St\u00e4rke und Widerstandsf\u00e4higkeit verk\u00f6rpern, inspiriert von den weiten und anspruchsvollen Gebirgsz\u00fcgen des Himalayas.<\/p>","protected":false},"featured_media":32,"comment_status":"open","ping_status":"closed","template":"","meta":{"give_campaign_id":0,"_kadence_starter_templates_imported_post":true},"product_brand":[],"product_cat":[23],"product_tag":[],"class_list":{"0":"post-54","1":"product","2":"type-product","3":"status-publish","4":"has-post-thumbnail","6":"product_cat-external-types","8":"first","9":"instock","10":"shipping-taxable","11":"product-type-external"},"_links":{"self":[{"href":"https:\/\/linkbuildingitalyagency.com\/de\/wp-json\/wp\/v2\/product\/54","targetHints":{"allow":["GET"]}}],"collection":[{"href":"https:\/\/linkbuildingitalyagency.com\/de\/wp-json\/wp\/v2\/product"}],"about":[{"href":"https:\/\/linkbuildingitalyagency.com\/de\/wp-json\/wp\/v2\/types\/product"}],"replies":[{"embeddable":true,"href":"https:\/\/linkbuildingitalyagency.com\/de\/wp-json\/wp\/v2\/comments?post=54"}],"wp:featuredmedia":[{"embeddable":true,"href":"https:\/\/linkbuildingitalyagency.com\/de\/wp-json\/wp\/v2\/media\/32"}],"wp:attachment":[{"href":"https:\/\/linkbuildingitalyagency.com\/de\/wp-json\/wp\/v2\/media?parent=54"}],"wp:term":[{"taxonomy":"product_brand","embeddable":true,"href":"https:\/\/linkbuildingitalyagency.com\/de\/wp-json\/wp\/v2\/product_brand?post=54"},{"taxonomy":"product_cat","embeddable":true,"href":"https:\/\/linkbuildingitalyagency.com\/de\/wp-json\/wp\/v2\/product_cat?post=54"},{"taxonomy":"product_tag","embeddable":true,"href":"https:\/\/linkbuildingitalyagency.com\/de\/wp-json\/wp\/v2\/product_tag?post=54"}],"curies":[{"name":"wp","href":"https:\/\/api.w.org\/{rel}","templated":true}]}}