{"id":636,"date":"2025-06-11T20:26:42","date_gmt":"2025-06-11T20:26:42","guid":{"rendered":"https:\/\/linkbuildingitalyagency.com\/?page_id=636"},"modified":"2025-06-12T13:54:24","modified_gmt":"2025-06-12T13:54:24","slug":"bedingungen-und-konditionen","status":"publish","type":"page","link":"https:\/\/linkbuildingitalyagency.com\/de\/bedingungen-und-konditionen\/","title":{"rendered":"Bedingungen und Konditionen"},"content":{"rendered":"<div data-elementor-type=\"wp-page\" data-elementor-id=\"636\" class=\"elementor elementor-636\">\n\t\t\t\t<div class=\"elementor-element elementor-element-528ca4fc e-flex e-con-boxed e-con e-parent\" data-id=\"528ca4fc\" data-element_type=\"container\">\n\t\t\t\t\t<div class=\"e-con-inner\">\n\t\t\t\t<div class=\"elementor-element elementor-element-629b91a7 elementor-widget elementor-widget-text-editor\" data-id=\"629b91a7\" data-element_type=\"widget\" data-widget_type=\"text-editor.default\">\n\t\t\t\t<div class=\"elementor-widget-container\">\n\t\t\t\t\t\t\t\t\t\n<p data-start=\"26\" data-end=\"342\">Willkommen bei <strong data-start=\"37\" data-end=\"68\">LinkBuildingItalyAgency.com<\/strong>! Durch die Nutzung unserer Produkte und Dienstleistungen (\"Service\") erkl\u00e4ren Sie sich mit der Einhaltung dieser Bedingungen einverstanden. Dieser Dienst wird bereitgestellt von <strong data-start=\"199\" data-end=\"226\">LinkBuildingItalienAgentur<\/strong> (\"wir\", \"uns\" oder \"unser\"), mit Sitz in <strong data-start=\"262\" data-end=\"280\">[Ihre Adresse]<\/strong>Italien. Bitte nehmen Sie sich die Zeit, diese Bedingungen sorgf\u00e4ltig zu lesen.<\/p>\n<p data-start=\"344\" data-end=\"365\"><strong data-start=\"344\" data-end=\"365\">Unseren Service nutzen<\/strong><\/p>\n<p data-start=\"367\" data-end=\"499\">Die Nutzung unseres Dienstes gew\u00e4hrt Ihnen keine Eigentumsrechte an geistigem Eigentum im Zusammenhang mit dem Dienst oder den Inhalten, auf die Sie zugreifen.<\/p>\n<p data-start=\"501\" data-end=\"936\">Unser Dienst kann Inhalte anzeigen, die nicht Eigentum von <strong data-start=\"554\" data-end=\"581\">LinkBuildingItalienAgentur<\/strong>. F\u00fcr diese Inhalte ist ausschlie\u00dflich die Einrichtung verantwortlich, die sie zur Verf\u00fcgung gestellt hat. Wir k\u00f6nnen Inhalte \u00fcberpr\u00fcfen, um festzustellen, ob sie gegen unsere Richtlinien versto\u00dfen oder illegal sind, und wir k\u00f6nnen Inhalte entfernen oder deren Anzeige verweigern, wenn wir sie f\u00fcr unangemessen halten. Dies bedeutet jedoch nicht unbedingt, dass wir die Inhalte aktiv \u00fcberwachen, gehen Sie also bitte nicht davon aus, dass wir dies tun.<\/p>\n<p data-start=\"938\" data-end=\"964\"><strong data-start=\"938\" data-end=\"964\">Beschreibung der Dienstleistung<\/strong><\/p>\n<p data-start=\"966\" data-end=\"1274\"><strong data-start=\"966\" data-end=\"993\">LinkBuildingItalienAgentur<\/strong> bietet Zugang zu einer umfassenden Palette von Tools und Diensten. Wir k\u00f6nnen Ihnen auch Mitteilungen, wie z. B. Service-Updates und administrative Nachrichten, die sich auf den Dienst beziehen, zusenden. Sofern nicht anders angegeben, unterliegen alle neuen Funktionen oder Tools, die wir einf\u00fchren, diesen Bedingungen.<\/p>\n<p data-start=\"1276\" data-end=\"1804\">Unser Dienst ist ein Online-Produkt, das eine Internet- oder Netzwerkverbindung erfordert. Sie sind f\u00fcr den Erhalt und die Aufrechterhaltung der notwendigen Verbindung f\u00fcr den Zugriff auf unseren Service verantwortlich, und alle Geb\u00fchren Dritter (z. B. die Ihres Internetanbieters) gehen zu Ihren Lasten. Sie m\u00fcssen auch sicherstellen, dass Sie \u00fcber die richtige Ausr\u00fcstung f\u00fcr die Nutzung unseres Dienstes verf\u00fcgen. Die Qualit\u00e4t Ihrer Erfahrung kann von Ihrer Verbindung und Ihrer Ausr\u00fcstung abh\u00e4ngen, und <strong data-start=\"1715\" data-end=\"1742\">LinkBuildingItalienAgentur<\/strong> ist nicht verantwortlich f\u00fcr Probleme, die sich aus diesen Faktoren ergeben.<\/p>\n<p data-start=\"1806\" data-end=\"1839\"><strong data-start=\"1806\" data-end=\"1839\">Ihre Registrierungsverpflichtungen<\/strong><\/p>\n<p data-start=\"1841\" data-end=\"2320\">Wenn Sie sich bei <strong data-start=\"1864\" data-end=\"1891\">LinkBuildingItalienAgentur<\/strong>best\u00e4tigen Sie, dass Sie rechtlich in der Lage sind, einen verbindlichen Vertrag zu schlie\u00dfen. Sie verpflichten sich au\u00dferdem, bei der Registrierung wahrheitsgem\u00e4\u00dfe, genaue, aktuelle und vollst\u00e4ndige Angaben zu Ihrer Person zu machen und Ihre Daten umgehend zu aktualisieren, um sie genau und aktuell zu halten. Sollten wir der Meinung sein, dass die von Ihnen gemachten Angaben unwahr oder unvollst\u00e4ndig sind, behalten wir uns das Recht vor, Ihr Konto zu sperren oder zu k\u00fcndigen und Ihnen die derzeitige oder zuk\u00fcnftige Nutzung des Dienstes zu verweigern.<\/p>\n<p data-start=\"2322\" data-end=\"2364\"><strong data-start=\"2322\" data-end=\"2364\">Kein Wiederverkauf oder Weitervertrieb des Dienstes<\/strong><\/p>\n<p data-start=\"2366\" data-end=\"2601\">Sie d\u00fcrfen den Dienst intern nutzen, um Erkenntnisse zu gewinnen und Ihre Website(s) zu optimieren. Sie erkl\u00e4ren sich jedoch damit einverstanden, keinen Teil des Dienstes zu reproduzieren, zu kopieren, zu verkaufen oder weiterzugeben ohne ausdr\u00fcckliche Genehmigung von <strong data-start=\"2573\" data-end=\"2600\">LinkBuildingItalienAgentur<\/strong>.<\/p>\n<p data-start=\"2603\" data-end=\"2621\"><strong data-start=\"2603\" data-end=\"2621\">Zugang zum Konto<\/strong><\/p>\n<p data-start=\"2623\" data-end=\"2891\">Um sich zu registrieren, m\u00fcssen Sie eine g\u00fcltige E-Mail-Adresse und andere erforderliche Informationen angeben. Ihre Anmeldedaten sind nur f\u00fcr den pers\u00f6nlichen Gebrauch bestimmt und k\u00f6nnen nicht weitergegeben werden. Wir k\u00f6nnen Ihren Zugang aussetzen oder l\u00f6schen, wenn wir verd\u00e4chtige Aktivit\u00e4ten im Zusammenhang mit der gemeinsamen Nutzung von Konten feststellen.<\/p>\n<p data-start=\"2893\" data-end=\"2927\"><strong data-start=\"2893\" data-end=\"2927\">Service und Marketing-Botschaften<\/strong><\/p>\n<p data-start=\"2929\" data-end=\"3200\">Durch Ihre Registrierung bei uns erkl\u00e4ren Sie sich damit einverstanden, Mitteilungen zu erhalten von <strong data-start=\"2994\" data-end=\"3021\">LinkBuildingItalienAgentur<\/strong>einschlie\u00dflich Serviceank\u00fcndigungen, Marketingnachrichten und Updates. Sie k\u00f6nnen Marketingmitteilungen jederzeit abbestellen, indem Sie den in jeder E-Mail enthaltenen Link zum Abbestellen verwenden.<\/p>\n<p data-start=\"3202\" data-end=\"3223\"><strong data-start=\"3202\" data-end=\"3223\">Unerlaubte Verwendungen<\/strong><\/p>\n<p data-start=\"3225\" data-end=\"3535\">Sie d\u00fcrfen den Dienst nicht ver\u00e4ndern, anpassen oder hacken. Sie d\u00fcrfen nicht versuchen, auf den Dienst oder seine Komponenten mit Methoden zuzugreifen, die nicht von <strong data-start=\"3364\" data-end=\"3391\">LinkBuildingItalienAgentur<\/strong>. Die unbefugte Nutzung des Dienstes ist verboten, und wir behalten uns das Recht vor, den Zugang eines Nutzers, der an solchen Aktivit\u00e4ten beteiligt ist, auszusetzen oder zu beenden.<\/p>\n<p data-start=\"3537\" data-end=\"3565\"><strong data-start=\"3537\" data-end=\"3565\">Blockierung von IP-Adressen<\/strong><\/p>\n<p data-start=\"3567\" data-end=\"3684\">Um die Integrit\u00e4t unseres Dienstes zu sch\u00fctzen, behalten wir uns das Recht vor, den Zugang von bestimmten IP-Adressen zu blockieren, falls dies erforderlich ist.<\/p>\n<p data-start=\"3686\" data-end=\"3719\"><strong data-start=\"3686\" data-end=\"3719\">Anmeldung und Abonnement<\/strong><\/p>\n<p data-start=\"3721\" data-end=\"3939\">Sie k\u00f6nnen sich kostenlos registrieren, um auf begrenzte Funktionen zuzugreifen. Um auf zus\u00e4tzliche Funktionen zugreifen zu k\u00f6nnen, m\u00fcssen Sie unseren Dienst abonnieren. Verschiedene Abonnementpl\u00e4ne k\u00f6nnen unterschiedliche Zugriffsstufen auf unsere Tools und Dienste gew\u00e4hren.<\/p>\n<p data-start=\"3941\" data-end=\"3958\"><strong data-start=\"3941\" data-end=\"3958\">Erstattungspolitik<\/strong><\/p>\n<p data-start=\"3960\" data-end=\"4136\">Wir bieten keine R\u00fcckerstattungen an, es sei denn, dies ist gesetzlich vorgeschrieben. Die Abonnementgeb\u00fchren sind nicht erstattungsf\u00e4hig, aber wir k\u00f6nnen R\u00fcckerstattungsantr\u00e4ge f\u00fcr die Nichtnutzung des Dienstes auf einer Fall-zu-Fall-Basis ber\u00fccksichtigen.<\/p>\n<p data-start=\"4138\" data-end=\"4165\"><strong data-start=\"4138\" data-end=\"4165\">Stornierung des Dienstes<\/strong><\/p>\n<p data-start=\"4167\" data-end=\"4304\">Wir k\u00f6nnen Ihren Zugang zu den Diensten k\u00fcndigen oder aussetzen, wenn Sie gegen diese Bedingungen versto\u00dfen, verd\u00e4chtige Aktivit\u00e4ten durchf\u00fchren oder wenn die Strafverfolgungsbeh\u00f6rden dies verlangen.<\/p>\n<p data-start=\"4306\" data-end=\"4333\"><strong data-start=\"4306\" data-end=\"4333\">Erhebung und Verwendung von Daten<\/strong><\/p>\n<p data-start=\"4335\" data-end=\"4522\">Durch die Nutzung unseres Dienstes erkl\u00e4ren Sie sich damit einverstanden, dass <strong data-start=\"4376\" data-end=\"4403\">LinkBuildingItalienAgentur<\/strong> zur Aggregierung und Anonymisierung aller freigegebenen Daten, einschlie\u00dflich Google Analytics- oder Search Console-Daten, um unseren Service zu verbessern.<\/p>\n<p data-start=\"4524\" data-end=\"4552\"><strong data-start=\"4524\" data-end=\"4552\">\u00c4nderungen am Dienst<\/strong><\/p>\n<p data-start=\"4554\" data-end=\"4808\">Wir behalten uns das Recht vor, unseren Service jederzeit zu \u00e4ndern oder einzustellen. Wir k\u00f6nnen auch neue Funktionen einf\u00fchren oder bestehende Funktionen \u00e4ndern. Sie k\u00f6nnen die Nutzung des Dienstes jederzeit einstellen, aber wir sind nicht f\u00fcr Verluste verantwortlich, die aus eingestellten Diensten resultieren.<\/p>\n<p data-start=\"4810\" data-end=\"4819\"><strong data-start=\"4810\" data-end=\"4819\">Links<\/strong><\/p>\n<p data-start=\"4821\" data-end=\"5105\">Unser Service kann Links zu anderen Websites enthalten. <strong data-start=\"4870\" data-end=\"4897\">LinkBuildingItalienAgentur<\/strong> ist nicht verantwortlich f\u00fcr den Inhalt oder die Datenschutzpraktiken dieser externen Websites. Wir bef\u00fcrworten keine externen Websites und haften nicht f\u00fcr Sch\u00e4den, die durch den Zugriff auf oder das Vertrauen in Websites Dritter entstehen.<\/p>\n<p data-start=\"5107\" data-end=\"5136\"><strong data-start=\"5107\" data-end=\"5136\">Haftung f\u00fcr unseren Service<\/strong><\/p>\n<p data-start=\"5138\" data-end=\"5362\">Der Dienst wird \"wie besehen\" ohne Garantien bereitgestellt. Im gr\u00f6\u00dftm\u00f6glichen gesetzlich zul\u00e4ssigen Umfang, <strong data-start=\"5230\" data-end=\"5257\">LinkBuildingItalienAgentur<\/strong> haftet nicht f\u00fcr indirekte, besondere oder Folgesch\u00e4den, einschlie\u00dflich entgangener Gewinne oder Einnahmen.<\/p>\n<p data-start=\"5364\" data-end=\"5402\"><strong data-start=\"5364\" data-end=\"5402\">Kontaktaufnahme mit LinkBuildingItalyAgency<\/strong><\/p>\n<p data-start=\"5404\" data-end=\"5577\">Sie k\u00f6nnen uns erreichen unter <strong data-start=\"5424\" data-end=\"5454\">[Ihre Kontaktinformationen]<\/strong>. Indem Sie mit uns Kontakt aufnehmen, gew\u00e4hren Sie uns das Recht, alle von Ihnen eingesandten Ideen oder Materialien zu verwenden, sofern nicht ausdr\u00fccklich etwas anderes vereinbart wurde.<\/p>\n<p data-start=\"5579\" data-end=\"5605\"><strong data-start=\"5579\" data-end=\"5605\">\u00c4nderungen an diesen Bedingungen<\/strong><\/p>\n<p data-start=\"5607\" data-end=\"5890\">Wir k\u00f6nnen diese Bedingungen jederzeit \u00e4ndern. Wenn wir dies tun, werden wir die \u00c4nderungen auf dieser Seite ver\u00f6ffentlichen. \u00c4nderungen treten sieben Tage nach ihrer Ver\u00f6ffentlichung in Kraft, und \u00c4nderungen aus rechtlichen Gr\u00fcnden treten sofort in Kraft. Wenn Sie mit den aktualisierten Bedingungen nicht einverstanden sind, sollten Sie die Nutzung des Dienstes einstellen.<\/p>\n<p data-start=\"5892\" data-end=\"5906\"><strong data-start=\"5892\" data-end=\"5906\">Schlussfolgerung<\/strong><\/p>\n<p data-start=\"5908\" data-end=\"6148\" data-is-last-node=\"\" data-is-only-node=\"\">Diese Bedingungen regeln Ihre Nutzung von <strong data-start=\"5939\" data-end=\"5970\">LinkBuildingItalyAgency.com<\/strong> und definieren unsere Beziehung. Sollten einzelne Bestimmungen unwirksam sein, so bleiben die \u00fcbrigen Bestimmungen in Kraft. Sollten Sie Fragen oder Bedenken haben, k\u00f6nnen Sie sich gerne an uns wenden.<\/p>\n\t\t\t\t\t\t\t\t<\/div>\n\t\t\t\t<\/div>\n\t\t\t\t\t<\/div>\n\t\t\t\t<\/div>\n\t\t\t\t<\/div>","protected":false},"excerpt":{"rendered":"<p>Willkommen bei LinkBuildingItalyAgency.com! Durch die Nutzung unserer Produkte und Dienstleistungen (\"Service\") erkl\u00e4ren Sie sich mit den vorliegenden Bedingungen einverstanden. Dieser Service wird von LinkBuildingItalyAgency (\"wir\", \"uns\" oder \"unser\") mit Sitz in [Ihre Adresse], Italien, angeboten. Bitte nehmen Sie sich die Zeit, diese Bedingungen sorgf\u00e4ltig zu lesen. Nutzung unseres Service Die Nutzung unseres Service gew\u00e4hrt Ihnen kein Eigentum an...<\/p>","protected":false},"author":1,"featured_media":0,"parent":0,"menu_order":0,"comment_status":"closed","ping_status":"closed","template":"","meta":{"give_campaign_id":0,"_kadence_starter_templates_imported_post":false,"footnotes":""},"class_list":["post-636","page","type-page","status-publish","hentry"],"campaignId":"0","_links":{"self":[{"href":"https:\/\/linkbuildingitalyagency.com\/de\/wp-json\/wp\/v2\/pages\/636","targetHints":{"allow":["GET"]}}],"collection":[{"href":"https:\/\/linkbuildingitalyagency.com\/de\/wp-json\/wp\/v2\/pages"}],"about":[{"href":"https:\/\/linkbuildingitalyagency.com\/de\/wp-json\/wp\/v2\/types\/page"}],"author":[{"embeddable":true,"href":"https:\/\/linkbuildingitalyagency.com\/de\/wp-json\/wp\/v2\/users\/1"}],"replies":[{"embeddable":true,"href":"https:\/\/linkbuildingitalyagency.com\/de\/wp-json\/wp\/v2\/comments?post=636"}],"version-history":[{"count":5,"href":"https:\/\/linkbuildingitalyagency.com\/de\/wp-json\/wp\/v2\/pages\/636\/revisions"}],"predecessor-version":[{"id":667,"href":"https:\/\/linkbuildingitalyagency.com\/de\/wp-json\/wp\/v2\/pages\/636\/revisions\/667"}],"wp:attachment":[{"href":"https:\/\/linkbuildingitalyagency.com\/de\/wp-json\/wp\/v2\/media?parent=636"}],"curies":[{"name":"wp","href":"https:\/\/api.w.org\/{rel}","templated":true}]}}