{"id":633,"date":"2025-06-11T20:17:40","date_gmt":"2025-06-11T20:17:40","guid":{"rendered":"https:\/\/linkbuildingitalyagency.com\/?page_id=633"},"modified":"2025-06-12T13:53:47","modified_gmt":"2025-06-12T13:53:47","slug":"datenschutzrichtlinie-2","status":"publish","type":"page","link":"https:\/\/linkbuildingitalyagency.com\/de\/datenschutzrichtlinie-2\/","title":{"rendered":"Datenschutzbestimmungen"},"content":{"rendered":"<p>F\u00fcr LinkBuildingItalyAgency.com ist der Schutz Ihrer Privatsph\u00e4re von gr\u00f6\u00dfter Bedeutung. Diese Datenschutzrichtlinie beschreibt die Arten von Daten, die wir sammeln, wie sie verwendet werden und die Ma\u00dfnahmen, die wir zum Schutz der Daten ergreifen.<\/p>\n\n\n\n<p>Wenn Sie Fragen haben oder weitere Erl\u00e4uterungen zu unserer Datenschutzrichtlinie ben\u00f6tigen, k\u00f6nnen Sie uns gerne kontaktieren.<\/p>\n\n\n\n<p>Die vorliegende Datenschutzrichtlinie bezieht sich ausschlie\u00dflich auf unsere Online-Aktivit\u00e4ten und gilt f\u00fcr die Besucher unserer Website in Bezug auf die auf LinkBuildingItalyAgency.com geteilten und\/oder gesammelten Daten. Sie gilt nicht f\u00fcr Informationen, die offline oder \u00fcber andere Kan\u00e4le gesammelt werden. Diese Datenschutzrichtlinie wurde mit Hilfe eines Datenschutzrichtlinien-Generators erstellt.<\/p>\n\n\n\n<p><strong>Zustimmung<\/strong><\/p>\n\n\n\n<p>Durch die Nutzung unserer Website erkl\u00e4ren Sie sich mit unserer Datenschutzrichtlinie einverstanden und stimmen deren Bedingungen zu.<\/p>\n\n\n\n<p><strong>Gesammelte Informationen<\/strong><\/p>\n\n\n\n<p>Wir werden deutlich erkl\u00e4ren, welche pers\u00f6nlichen Daten wir sammeln und warum wir sie erfragen.<\/p>\n\n\n\n<p>Wenn Sie sich direkt mit uns in Verbindung setzen, k\u00f6nnen wir personenbezogene Daten wie Ihren Namen, Ihre E-Mail-Adresse, Ihre Telefonnummer, den Inhalt Ihrer Nachricht und\/oder die von Ihnen gesendeten Anh\u00e4nge sowie alle anderen von Ihnen bereitgestellten Informationen erfassen.<\/p>\n\n\n\n<p>Wenn Sie sich f\u00fcr ein Konto bei uns registrieren, fragen wir Sie m\u00f6glicherweise nach Kontaktinformationen wie Ihrem Namen, Firmennamen, Ihrer Adresse, E-Mail-Adresse und Telefonnummer.<\/p>\n\n\n\n<p><strong>Wie wir Ihre Informationen verwenden<\/strong><\/p>\n\n\n\n<p>Wir verwenden die von uns gesammelten Informationen auf verschiedene Weise, unter anderem:<\/p>\n\n\n\n<ul class=\"wp-block-list\">\n<li>Betrieb und Pflege unserer Website<\/li>\n\n\n\n<li>Verbesserung, Personalisierung und Erweiterung unserer Website<\/li>\n\n\n\n<li>Verstehen und Analysieren, wie Nutzer mit unserer Website umgehen<\/li>\n\n\n\n<li>Entwicklung neuer Dienste, Merkmale und Funktionalit\u00e4ten<\/li>\n\n\n\n<li>Kommunikation mit Ihnen, u. a. f\u00fcr den Kundendienst, die Bereitstellung von Updates und f\u00fcr Marketingzwecke<\/li>\n\n\n\n<li>Versenden von E-Mails<\/li>\n\n\n\n<li>Aufdeckung und Verh\u00fctung von Betrug<\/li>\n<\/ul>\n\n\n\n<p><strong>Log-Dateien<\/strong><\/p>\n\n\n\n<p>Wir verwenden standardm\u00e4\u00dfig Protokolldateien, die gesammelt werden, wenn Besucher auf die Website zugreifen. Zu diesen Daten geh\u00f6ren IP-Adressen, Browsertyp, Internetdienstanbieter (ISP), Zeit-\/Datumsstempel, Verweis-\/Ausgangsseiten und m\u00f6glicherweise die Anzahl der Klicks. Diese Informationen werden verwendet, um Trends zu analysieren, die Website zu verwalten, Benutzerbewegungen auf der Website zu verfolgen und demografische Daten zu sammeln.<\/p>\n\n\n\n<p><strong>Cookies und Web Beacons<\/strong><\/p>\n\n\n\n<p>Wie die meisten Websites verwendet auch LinkBuildingItalyAgency.com \"Cookies\". Diese Cookies speichern Informationen wie Ihre Pr\u00e4ferenzen und die Seiten, die Sie auf der Website besuchen. Die gesammelten Daten helfen uns, die Benutzererfahrung zu optimieren, indem wir die Inhalte an Ihren Browsertyp und andere Informationen anpassen.<\/p>\n\n\n\n<p><strong>Datenschutzrichtlinien der Werbepartner<\/strong><\/p>\n\n\n\n<p>Sie k\u00f6nnen die Datenschutzrichtlinien der Werbepartner einsehen, um zu verstehen, wie sie arbeiten. Werbeserver oder Werbenetzwerke von Drittanbietern verwenden Technologien wie Cookies, JavaScript und Web Beacons in ihren Anzeigen, die direkt an die Browser der Nutzer gesendet werden. Diese Technologien messen die Effektivit\u00e4t von Anzeigen und personalisieren die Ihnen angezeigten Werbeinhalte.<\/p>\n\n\n\n<p>Beachten Sie, dass wir keinen Zugang zu oder Kontrolle \u00fcber diese von Drittanbietern verwendeten Cookies haben.<\/p>\n\n\n\n<p><strong>Datenschutzrichtlinien von Drittanbietern<\/strong><\/p>\n\n\n\n<p>Unsere Datenschutzrichtlinie gilt nicht f\u00fcr andere Werbetreibende oder Websites. Wir empfehlen Ihnen, die Datenschutzrichtlinien dieser Drittanbieter zu lesen, um weitere Informationen zu erhalten. Sie k\u00f6nnen Cookies auch \u00fcber Ihre Browsereinstellungen deaktivieren.<\/p>\n\n\n\n<p><strong>CCPA-Datenschutzrechte (Verkaufen Sie meine pers\u00f6nlichen Daten nicht)<\/strong><\/p>\n\n\n\n<p>Nach dem CCPA haben die kalifornischen Verbraucher folgende Rechte:<\/p>\n\n\n\n<ul class=\"wp-block-list\">\n<li>Das Recht, von einem Unternehmen zu verlangen, dass es die Kategorien und spezifischen Teile der personenbezogenen Daten offenlegt, die es \u00fcber Verbraucher gesammelt hat.<\/li>\n\n\n\n<li>Das Recht, die L\u00f6schung aller \u00fcber den Verbraucher erhobenen personenbezogenen Daten zu verlangen.<\/li>\n\n\n\n<li>Das Recht zu verlangen, dass ein Unternehmen die personenbezogenen Daten des Verbrauchers nicht verkauft.<\/li>\n<\/ul>\n\n\n\n<p>Wir haben einen Monat Zeit, um auf solche Anfragen zu reagieren. Wenn Sie diese Rechte aus\u00fcben m\u00f6chten, nehmen Sie bitte Kontakt mit uns auf.<\/p>\n\n\n\n<p><strong>GDPR-Datenschutzrechte<\/strong><\/p>\n\n\n\n<p>Wir m\u00f6chten sicherstellen, dass Sie \u00fcber alle Ihre Datenschutzrechte informiert sind. Jeder Nutzer hat Anspruch auf die folgenden Rechte:<\/p>\n\n\n\n<ul class=\"wp-block-list\">\n<li><strong>Das Recht auf Zugang<\/strong>: Sie k\u00f6nnen Kopien Ihrer pers\u00f6nlichen Daten anfordern.<\/li>\n\n\n\n<li><strong>Das Recht auf Berichtigung<\/strong>: Sie k\u00f6nnen verlangen, dass wir unrichtige oder unvollst\u00e4ndige Daten berichtigen.<\/li>\n\n\n\n<li><strong>Das Recht auf L\u00f6schung<\/strong>: Sie k\u00f6nnen unter bestimmten Voraussetzungen die L\u00f6schung Ihrer personenbezogenen Daten verlangen.<\/li>\n\n\n\n<li><strong>Das Recht auf Einschr\u00e4nkung der Verarbeitung<\/strong>: Sie k\u00f6nnen beantragen, dass wir die Verarbeitung Ihrer personenbezogenen Daten unter bestimmten Bedingungen einschr\u00e4nken.<\/li>\n\n\n\n<li><strong>Das Recht auf Widerspruch gegen die Verarbeitung<\/strong>: Sie k\u00f6nnen der Verarbeitung Ihrer personenbezogenen Daten unter bestimmten Bedingungen widersprechen.<\/li>\n\n\n\n<li><strong>Das Recht auf Daten\u00fcbertragbarkeit<\/strong>: Sie k\u00f6nnen verlangen, dass wir Ihre pers\u00f6nlichen Daten unter bestimmten Bedingungen an eine andere Organisation oder direkt an Sie weitergeben.<\/li>\n<\/ul>\n\n\n\n<p>Wir werden Ihre Anfrage innerhalb eines Monats beantworten. Wenn Sie eines dieser Rechte aus\u00fcben m\u00f6chten, nehmen Sie bitte Kontakt mit uns auf.<\/p>\n\n\n\n<p><strong>Informationen f\u00fcr Kinder<\/strong><\/p>\n\n\n\n<p>Wir sind bestrebt, die Sicherheit von Kindern im Internet zu gew\u00e4hrleisten. Wir ermutigen Eltern und Erziehungsberechtigte, die Online-Aktivit\u00e4ten ihrer Kinder zu \u00fcberwachen.<\/p>\n\n\n\n<p>LinkBuildingItalyAgency.com sammelt wissentlich keine personenbezogenen Daten von Kindern unter 13 Jahren. Wenn wir erfahren, dass wir pers\u00f6nliche Daten von einem Kind unter 13 Jahren gesammelt haben, werden wir die notwendigen Schritte unternehmen, um die Informationen aus unseren Unterlagen zu entfernen.<\/p>","protected":false},"excerpt":{"rendered":"<p>F\u00fcr LinkBuildingItalyAgency.com ist der Schutz Ihrer Privatsph\u00e4re von gr\u00f6\u00dfter Bedeutung. Diese Datenschutzrichtlinie beschreibt die Arten von Daten, die wir sammeln, wie sie verwendet werden und die Ma\u00dfnahmen, die wir ergreifen, um sie zu sch\u00fctzen. Wenn Sie Fragen haben oder weitere Erl\u00e4uterungen zu unseren Datenschutzrichtlinien w\u00fcnschen, k\u00f6nnen Sie uns gerne kontaktieren. Diese Datenschutzrichtlinie ist relevant...<\/p>","protected":false},"author":1,"featured_media":0,"parent":0,"menu_order":0,"comment_status":"closed","ping_status":"closed","template":"","meta":{"give_campaign_id":0,"_kadence_starter_templates_imported_post":false,"footnotes":""},"class_list":["post-633","page","type-page","status-publish","hentry"],"campaignId":"0","_links":{"self":[{"href":"https:\/\/linkbuildingitalyagency.com\/de\/wp-json\/wp\/v2\/pages\/633","targetHints":{"allow":["GET"]}}],"collection":[{"href":"https:\/\/linkbuildingitalyagency.com\/de\/wp-json\/wp\/v2\/pages"}],"about":[{"href":"https:\/\/linkbuildingitalyagency.com\/de\/wp-json\/wp\/v2\/types\/page"}],"author":[{"embeddable":true,"href":"https:\/\/linkbuildingitalyagency.com\/de\/wp-json\/wp\/v2\/users\/1"}],"replies":[{"embeddable":true,"href":"https:\/\/linkbuildingitalyagency.com\/de\/wp-json\/wp\/v2\/comments?post=633"}],"version-history":[{"count":2,"href":"https:\/\/linkbuildingitalyagency.com\/de\/wp-json\/wp\/v2\/pages\/633\/revisions"}],"predecessor-version":[{"id":666,"href":"https:\/\/linkbuildingitalyagency.com\/de\/wp-json\/wp\/v2\/pages\/633\/revisions\/666"}],"wp:attachment":[{"href":"https:\/\/linkbuildingitalyagency.com\/de\/wp-json\/wp\/v2\/media?parent=633"}],"curies":[{"name":"wp","href":"https:\/\/api.w.org\/{rel}","templated":true}]}}