{"id":120,"date":"2018-10-26T15:40:23","date_gmt":"2018-10-26T15:40:23","guid":{"rendered":"https:\/\/futuriodemos.com\/default-demo\/?page_id=120"},"modified":"2018-10-26T15:40:23","modified_gmt":"2018-10-26T15:40:23","slug":"gutenberg-seite","status":"publish","type":"page","link":"https:\/\/linkbuildingitalyagency.com\/de\/gutenberg-seite\/","title":{"rendered":"Gutenberg-Seite"},"content":{"rendered":"<h2 class=\"wp-block-heading\">\u00dcberschriftenblock (H2)<\/h2>\n\n\n\n<h3 class=\"wp-block-heading\">Sie sehen hier einen. (H3)<\/h3>\n\n\n\n<h2 class=\"wp-block-heading\">Untertitel-Block<\/h2>\n\n\n\n<p class=\"wp-block-subhead\">Dies ist eine Zwischen\u00fcberschrift<\/p>\n\n\n\n<h2 class=\"wp-block-heading\">Absatz Block<\/h2>\n\n\n\n<p>Dies ist ein Absatzblock, der hocheffiziente Ergebnisse mit Weltklasse-Kernkompetenzen professionell produziert. Eine objektive Matrix der genutzten Architekturen im Vergleich zu fehlerfreien Anwendungen. Maximieren Sie kundenspezifische Portale durch vollst\u00e4ndig recherchierte Metriken. Enthusiastisch erstklassige Aktionspunkte durch webf\u00e4hige E-M\u00e4rkte generieren. Effiziente Parallelaufgaben f\u00fcr ganzheitliches intellektuelles Kapital und kundenzentrierte M\u00e4rkte.<br><br><\/p>\n\n\n\n<h2 class=\"wp-block-heading\">Bildblock (Standard\n\t<g class=\"gr_ gr_3 gr-alert gr_spell gr_inline_cards gr_run_anim ContextualSpelling ins-del multiReplace\" id=\"3\" data-gr-id=\"3\">Breite<\/g>)<\/h2>\n\n\n\n<figure class=\"wp-block-image\"><img decoding=\"async\" src=\"https:\/\/futuriodemos.com\/ocean-demo\/wp-content\/uploads\/sites\/27\/2018\/10\/girl-3714828_1920.jpg\" alt=\"\" class=\"wp-image-9\"\/><\/figure>\n\n\n\n<h2 class=\"wp-block-heading\">Bildblock (breit)\n\t<g class=\"gr_ gr_3 gr-alert gr_spell gr_inline_cards gr_run_anim ContextualSpelling ins-del multiReplace\" id=\"3\" data-gr-id=\"3\">Breite<\/g>)<\/h2>\n\n\n\n<figure class=\"wp-block-image alignwide\"><img decoding=\"async\" src=\"https:\/\/futuriodemos.com\/ocean-demo\/wp-content\/uploads\/sites\/27\/2018\/10\/girl-3714828_1920.jpg\" alt=\"\" class=\"wp-image-9\"\/><\/figure>\n\n\n\n<h2 class=\"wp-block-heading\">Bildblock (volle Breite)<\/h2>\n\n\n\n<figure class=\"wp-block-image alignfull\"><img decoding=\"async\" src=\"https:\/\/futuriodemos.com\/ocean-demo\/wp-content\/uploads\/sites\/27\/2018\/10\/girl-3714828_1920.jpg\" alt=\"\" class=\"wp-image-9\"\/><\/figure>\n\n\n\n<h2 class=\"wp-block-heading\">Titelbild-Block<\/h2>\n\n\n\n<div class=\"wp-block-cover has-background-dim alignfull is-layout-flow wp-block-cover-is-layout-flow\" style=\"background-image:url(https:\/\/futuriodemos.com\/ocean-demo\/wp-content\/uploads\/sites\/27\/2018\/10\/girl-3714828_1920.jpg)\"><p class=\"wp-block-cover-text\">Dieser Block kann f\u00fcr den Abschnitt Hero verwendet werden.<br>Es wurde die volle Breite angewendet.<\/p><\/div>\n\n\n\n<h2 class=\"wp-block-heading\">Galerie-Block<\/h2>\n\n\n\n<ul class=\"wp-block-gallery columns-3 is-cropped alignnone wp-block-gallery-1 is-layout-flex wp-block-gallery-is-layout-flex\"><li class=\"blocks-gallery-item\"><figure><img decoding=\"async\" src=\"https:\/\/futuriodemos.com\/ocean-demo\/wp-content\/uploads\/sites\/27\/2018\/10\/port-3109757_1920.jpg\" alt=\"\" data-id=\"12\" data-link=\"https:\/\/futuriodemos.com\/default-demo\/nulla-turpis-magna\/port-3109757_1920\/\" class=\"wp-image-12\"\/><\/figure><\/li><li class=\"blocks-gallery-item\"><figure><img decoding=\"async\" src=\"https:\/\/futuriodemos.com\/ocean-demo\/wp-content\/uploads\/sites\/27\/2018\/10\/hallway-1245845_1920.jpg\" alt=\"\" data-id=\"11\" data-link=\"https:\/\/futuriodemos.com\/default-demo\/nulla-turpis-magna\/hallway-1245845_1920\/\" class=\"wp-image-11\"\/><\/figure><\/li><li class=\"blocks-gallery-item\"><figure><img decoding=\"async\" src=\"https:\/\/futuriodemos.com\/ocean-demo\/wp-content\/uploads\/sites\/27\/2018\/10\/hall-1929422_1920.jpg\" alt=\"\" data-id=\"10\" data-link=\"https:\/\/futuriodemos.com\/default-demo\/nulla-turpis-magna\/hall-1929422_1920\/\" class=\"wp-image-10\"\/><\/figure><\/li><li class=\"blocks-gallery-item\"><figure><img decoding=\"async\" src=\"https:\/\/futuriodemos.com\/ocean-demo\/wp-content\/uploads\/sites\/27\/2018\/10\/girl-3714828_1920.jpg\" alt=\"\" data-id=\"9\" data-link=\"https:\/\/futuriodemos.com\/default-demo\/nulla-turpis-magna\/girl-3714828_1920\/\" class=\"wp-image-9\"\/><\/figure><\/li><li class=\"blocks-gallery-item\"><figure><img decoding=\"async\" src=\"https:\/\/futuriodemos.com\/ocean-demo\/wp-content\/uploads\/sites\/27\/2018\/10\/fan-3645379_1920.jpg\" alt=\"\" data-id=\"8\" data-link=\"https:\/\/futuriodemos.com\/default-demo\/nulla-turpis-magna\/fan-3645379_1920\/\" class=\"wp-image-8\"\/><\/figure><\/li><\/ul>\n\n\n\n<h2 class=\"wp-block-heading\">Liste Block<\/h2>\n\n\n\n<ul class=\"wp-block-list\"><li>Listenpunkt 1<\/li><li>Listenpunkt 2<\/li><li>Listenpunkt 3<\/li><li>Listenpunkt 4<\/li><\/ul>\n\n\n\n<h2 class=\"has-top-margin wp-block-heading\">S\u00e4ulen Block<\/h2>\n\n\n\n<div class=\"wp-block-columns has-2-columns is-layout-flex wp-container-core-columns-is-layout-9d6595d7 wp-block-columns-is-layout-flex\">\n<div class=\"wp-block-column is-layout-flow wp-block-column-is-layout-flow\">\n<figure class=\"wp-block-image\"><img decoding=\"async\" src=\"https:\/\/futuriodemos.com\/ocean-demo\/wp-content\/uploads\/sites\/27\/2018\/10\/fan-3645379_1920.jpg\" alt=\"\" class=\"wp-image-8\"\/><\/figure>\n<\/div>\n\n\n\n<div class=\"wp-block-column is-layout-flow wp-block-column-is-layout-flow\">\n<p>Phosfluoreszierende Gestaltung intuitiver Beziehungen anstelle von kundenorientiertem Humankapital. Dynamische Anpassung schl\u00fcsselfertiger Informationen an orthogonale Prozesse. Selbstbewusst \u00fcberlegene F\u00fchrungsqualit\u00e4ten liefern, w\u00e4hrend ganzheitliches Outsourcing. Enthusiastische Iteration aktivierter Best Practices gegen\u00fcber 24\/365 Communities.<\/p>\n<\/div>\n<\/div>\n\n\n\n<h2 class=\"wp-block-heading\">Text-Spalten-Block<\/h2>\n\n\n\n<div class=\"wp-block-text-columns alignundefined columns-2\"><div class=\"wp-block-column\"><p>Dies ist die linke Textspalte.<br><br>Angemessene Initiierung von Pandemiedaten durch wirtschaftlich sinnvolle Szenarien. Glaubw\u00fcrdige F\u00f6rderung kosteng\u00fcnstiger Methoden durch medien\u00fcbergreifende F\u00fchrung. Nahtlose Infomedien \u00fcber prinzipienzentrierte Funktionalit\u00e4ten dramatisch monetarisieren. Funktions\u00fcbergreifendes Outsourcing durch teambildende Metadienste nahtlos umgestalten. Intrinsische Einbeziehung installierter Produkte f\u00fcr aktivierte Testverfahren.<br><\/p><\/div><div class=\"wp-block-column\"><p>Dies ist die rechte Textspalte.<br><br>Nutzerfreundliche Inhalte durch kovalente Kernkompetenzen vollst\u00e4ndig entzerren. Enthusiastisch intermandierte Ausrichtungen f\u00fcr ressourcenverschlingende Paradigmen ergreifen. Nachhaltige Initiativen durch ressourcenmaximierende Vorteile entwickeln. Effizientes Gestalten von Top-Line-Wirbeln durch verteilte Schnittstellen. Engagieren Sie sich f\u00fcr ein leistungsorientiertes Mindsharing mit Best-of-Breed-Outsourcing.<br><\/p><\/div><\/div>\n\n\n\n<h2 class=\"wp-block-heading\">Taste Block<\/h2>\n\n\n\n<div class=\"wp-block-button alignnone\"><a class=\"wp-block-button__link\" href=\"#\">Los geht's<\/a><\/div>\n\n\n\n<h2 class=\"wp-block-heading\">Zitat Block<\/h2>\n\n\n\n<blockquote class=\"wp-block-quote is-layout-flow wp-block-quote-is-layout-flow\"><p><em>Nimm eine Idee auf, mach diese eine Idee zu deinem Leben. Denken Sie daran, tr\u00e4umen Sie davon, leben Sie von dieser Idee, lassen Sie das Gehirn, die Muskeln, die Nerven, jeden Teil Ihres K\u00f6rpers von dieser Idee erf\u00fcllt sein, und lassen Sie jede andere Idee einfach in Ruhe. Das ist der Weg zum Erfolg.<\/em><\/p><cite>Swami Vivekananda<\/cite><\/blockquote>\n\n\n\n<h2 class=\"wp-block-heading\">Zitatblock (anderer Stil)<\/h2>\n\n\n\n<blockquote class=\"wp-block-quote is-large is-layout-flow wp-block-quote-is-layout-flow\"><p><em>Nehmen Sie eine Idee auf, machen Sie diese Idee zu Ihrem Leben. Denken Sie daran, <g class=\"gr_ gr_10 gr-alert gr_gramm gr_inline_cards gr_run_anim Grammar only-ins doubleReplace replaceWithoutSep\" id=\"10\" data-gr-id=\"10\">Traum<\/g> Leben Sie von dieser Idee, lassen Sie das Gehirn, die Muskeln, die Nerven, jeden Teil Ihres K\u00f6rpers von dieser Idee erf\u00fcllt sein, und lassen Sie jede andere Idee einfach in Ruhe. Das ist der Weg zum Erfolg.<\/em><\/p><cite>Swami Vivekananda<\/cite><\/blockquote>\n\n\n\n<h2 class=\"wp-block-heading\">Code-Block<\/h2>\n\n\n\n<pre class=\"wp-block-code\"><code>@media only screen and (min-width: 960px) {\n\n\tbody .alignfull {\n\t\tBreite: auto;\n\t\tmax-width: 1000%;\n\n\t\tmargin-right: calc(50% - 50vw);\n\t\tmargin-left: calc(50% - 50vw);\n\t}\n\n\tbody .alignwide {\n\t\tBreite: auto;\n\t\tmax-width: 1000%;\n\t\tmargin-right: calc(25% - 25vw);\n\t\tmargin-left: calc(25% - 25vw);\n\t}\n\n\t.alignwide img,\n\t.alignfull img {\n\t\tAnzeige: block;\n\t\tmargin: 0 auto;\n\t}\n}<\/code><\/pre>\n\n\n\n<h2 class=\"wp-block-heading\">Audio-Block<\/h2>\n\n\n\n<figure class=\"wp-block-audio\"><audio controls src=\"https:\/\/freemusicarchive.org\/file\/music\/WFMU\/Broke_For_Free\/Directionless_EP\/Broke_For_Free_-_01_-_Night_Owl.mp3\"><\/audio><\/figure>\n\n\n\n<h2 class=\"wp-block-heading\">Video-Block<\/h2>\n\n\n\n<figure class=\"wp-block-video\"><video controls src=\"https:\/\/archive.org\/download\/SlowMotionFlame\/slomoflame_512kb.mp4\"><\/video><\/figure>\n\n\n\n<h2 class=\"wp-block-heading\">Benutzerdefinierter HTML-Block<\/h2>\n\n\n\n<strong>Dies ist ein HTML-Block.<\/strong>\n\n\n\n<h2 class=\"has-top-margin wp-block-heading\">Vorformatierter Block<\/h2>\n\n\n\n<pre class=\"wp-block-preformatted\">Dies ist ein vorformatierter Text. Bei vorformatiertem Text bleiben Ihre S p a c h e n, Tabulatoren und<br>Linebreaks wie sie sind.<\/pre>\n\n\n\n<h2 class=\"wp-block-heading\">Strophenblock<\/h2>\n\n\n\n<pre class=\"wp-block-verse\">Schreiben Sie Gedichte und andere literarische Ausdr\u00fccke, die alle Leerzeichen und Zeilenumbr\u00fcche ber\u00fccksichtigen.<\/pre>\n\n\n\n<h2 class=\"wp-block-heading\">Tabelle Block<\/h2>\n\n\n\n<table class=\"wp-block-table\">\n\t<tbody>\n\t\t<tr style=\"height:45px\">\n\t\t\t<td style=\"height:45px\">Zeile 1 Spalte 1<\/td>\n\t\t\t<td style=\"height:45px\">Zeile 1 Spalte 2<\/td>\n\t\t<\/tr>\n\t\t<tr style=\"height:45px\">\n\t\t\t<td style=\"height:45px\">Zeile 2 Spalte 1<\/td>\n\t\t\t<td style=\"height:45px\">Zeile 2 Spalte 2<\/td>\n\t\t<\/tr>\n\t\t<tr style=\"height:45px\">\n\t\t\t<td style=\"height:45px\">Zeile 3 Spalte 1<\/td>\n\t\t\t<td style=\"height:45px\">Zeile 3 Spalte 2<\/td>\n\t\t<\/tr>\n\t<\/tbody>\n<\/table>\n\n\n\n<h2 class=\"wp-block-heading\">Abscheider-Block<\/h2>\n\n\n\n<hr class=\"wp-block-separator\"\/>\n\n\n\n<h2 class=\"has-top-margin wp-block-heading\">Abstandshalter Block<\/h2>\n\n\n\n<div style=\"height:100px\" aria-hidden=\"true\" class=\"wp-block-spacer\"><\/div>\n\n\n\n<h2 class=\"wp-block-heading\">Kategorien Block<\/h2>\n\n\n<ul class=\"wp-block-categories-list wp-block-categories\"><li class=\"cat-item-none\">Keine Kategorien<\/li><\/ul>\n\n\n<h2 class=\"wp-block-heading\">Letzte Beitr\u00e4ge Block<\/h2>\n\n\n<ul class=\"wp-block-latest-posts__list wp-block-latest-posts\"><\/ul>\n\n\n<h2 class=\"wp-block-heading\">Twitter-Einbettungsblock<\/h2>\n\n\n\n<figure class=\"wp-block-embed-twitter wp-block-embed is-type-rich is-provider-twitter\"><div class=\"wp-block-embed__wrapper\">\n<blockquote class=\"twitter-tweet\" data-width=\"550\" data-dnt=\"true\"><p lang=\"ht\" dir=\"ltr\">lol ok \ud83d\ude2d <a href=\"https:\/\/t.co\/CHHBgXeGIO\">pic.twitter.com\/CHHBgXeGIO<\/a><\/p>- Marques Brownlee (@MKBHD) <a href=\"https:\/\/twitter.com\/MKBHD\/status\/993606431126548481?ref_src=twsrc%5Etfw\" target=\"_blank\" rel=\"noopener\">7. Mai 2018<\/a><\/blockquote><script async src=\"https:\/\/platform.twitter.com\/widgets.js\" charset=\"utf-8\"><\/script>\n<\/div><\/figure>\n\n\n\n<h2 class=\"wp-block-heading\">YouTube-Einbettungsblock<\/h2>\n\n\n\n<figure class=\"wp-block-embed-youtube wp-block-embed is-type-video is-provider-youtube wp-embed-aspect-16-9 wp-has-aspect-ratio\"><div class=\"wp-block-embed__wrapper\">\n<iframe width=\"1240\" height=\"698\" src=\"https:\/\/www.youtube.com\/embed\/V-Ma40uyo-I?feature=oembed\" frameborder=\"0\" allow=\"autoplay; encrypted-media\" allowfullscreen><\/iframe>\n<\/div><\/figure>\n\n\n\n<h2 class=\"wp-block-heading\">Facebook-Einbettungsblock<\/h2>\n\n\n\n<figure class=\"wp-block-embed-facebook wp-block-embed is-provider-embed-handler\"><div class=\"wp-block-embed__wrapper\">\nhttps:\/\/www.facebook.com\/groups\/macpowerusers\/\n<\/div><\/figure>\n\n\n\n<h2 class=\"wp-block-heading\">WordPress-Einbettungsblock<\/h2>\n\n\n\n<figure class=\"wp-block-embed-wordpress wp-block-embed is-type-wp-embed is-provider-genesis-framework wp-embed-aspect-16-9 wp-has-aspect-ratio\"><div class=\"wp-block-embed__wrapper\">\n<blockquote class=\"wp-embedded-content\" data-secret=\"rg6ExE9jy9\"><a href=\"https:\/\/gutensample.genesiswp.club\/contact\/\" target=\"_blank\" rel=\"noopener\">Kontakt Seite<\/a><\/blockquote><iframe class=\"wp-embedded-content\" sandbox=\"allow-scripts\" security=\"restricted\" style=\"position: absolute; clip: rect(1px, 1px, 1px, 1px);\" src=\"https:\/\/gutensample.genesiswp.club\/contact\/embed\/#?secret=rg6ExE9jy9\" data-secret=\"rg6ExE9jy9\" width=\"600\" height=\"338\" title=\"&quot;Kontaktseite&quot; - Genesis Framework\" frameborder=\"0\" marginwidth=\"0\" marginheight=\"0\" scrolling=\"no\"><\/iframe>\n<\/div><\/figure>\n\n\n\n<h2 class=\"wp-block-heading\">Vimeo-Einbettungsblock<\/h2>\n\n\n\n<figure class=\"wp-block-embed-vimeo wp-block-embed is-type-video is-provider-vimeo wp-embed-aspect-16-9 wp-has-aspect-ratio\"><div class=\"wp-block-embed__wrapper\">\n<iframe src=\"https:\/\/player.vimeo.com\/video\/267362241?app_id=122963\" width=\"1240\" height=\"698\" frameborder=\"0\" title=\"Vor\u00fcbergehend: Erweitertes und nicht verwendetes Filmmaterial\" webkitallowfullscreen mozallowfullscreen allowfullscreen><\/iframe>\n<\/div><\/figure>","protected":false},"excerpt":{"rendered":"<p>Heading Block (H2) You are looking at one. (H3) Subhead Block Paragraph Block This is a paragraph block.\u00c2 Professionally productize highly efficient results with world-class core competencies. Objectively matrix leveraged architectures vis-a-vis error-free applications. Completely maximize customized portals via fully researched metrics. Enthusiastically generate premier action items through web-enabled e-markets. Efficiently parallel task holistic intellectual&hellip;<\/p>","protected":false},"author":1,"featured_media":0,"parent":0,"menu_order":0,"comment_status":"closed","ping_status":"closed","template":"","meta":{"give_campaign_id":0,"_kadence_starter_templates_imported_post":false,"footnotes":""},"class_list":["post-120","page","type-page","status-publish","hentry"],"campaignId":"","_links":{"self":[{"href":"https:\/\/linkbuildingitalyagency.com\/de\/wp-json\/wp\/v2\/pages\/120","targetHints":{"allow":["GET"]}}],"collection":[{"href":"https:\/\/linkbuildingitalyagency.com\/de\/wp-json\/wp\/v2\/pages"}],"about":[{"href":"https:\/\/linkbuildingitalyagency.com\/de\/wp-json\/wp\/v2\/types\/page"}],"author":[{"embeddable":true,"href":"https:\/\/linkbuildingitalyagency.com\/de\/wp-json\/wp\/v2\/users\/1"}],"replies":[{"embeddable":true,"href":"https:\/\/linkbuildingitalyagency.com\/de\/wp-json\/wp\/v2\/comments?post=120"}],"version-history":[{"count":0,"href":"https:\/\/linkbuildingitalyagency.com\/de\/wp-json\/wp\/v2\/pages\/120\/revisions"}],"wp:attachment":[{"href":"https:\/\/linkbuildingitalyagency.com\/de\/wp-json\/wp\/v2\/media?parent=120"}],"curies":[{"name":"wp","href":"https:\/\/api.w.org\/{rel}","templated":true}]}}